{"id":214,"date":"2025-04-29T11:12:08","date_gmt":"2025-04-29T09:12:08","guid":{"rendered":"https:\/\/icare-congo.com\/?page_id=214"},"modified":"2025-07-25T09:23:23","modified_gmt":"2025-07-25T07:23:23","slug":"pack-bronze-famille","status":"publish","type":"page","link":"https:\/\/icare-congo.com\/?page_id=214","title":{"rendered":"Pack Bronze Famille"},"content":{"rendered":"\n<hr class=\"wp-block-separator has-alpha-channel-opacity\"\/>\n\n\n\n<h2 class=\"wp-block-heading has-text-align-center\">Pack Famille Bronze d&#8217;Icare : L&#8217;Essentiel pour une Famille de 5 Personnes<\/h2>\n\n\n\n<p>Le <strong>Pack Famille Bronze d&#8217;Icare<\/strong> est une solution compl\u00e8te et bien pens\u00e9e, sp\u00e9cialement \u00e9labor\u00e9e pour r\u00e9pondre aux besoins d&#8217;une famille de cinq personnes. Il a \u00e9t\u00e9 con\u00e7u pour <strong>simplifier la gestion du quotidien<\/strong> de votre foyer et vous offrir, \u00e0 vous et \u00e0 vos proches, une <strong>tranquillit\u00e9 d&#8217;esprit durable<\/strong>.<\/p>\n\n\n\n<p>Nous savons qu&#8217;une famille de cinq, c&#8217;est une dynamique unique avec des besoins vari\u00e9s. C&#8217;est pourquoi ce pack propose une <strong>couverture essentielle et une assistance r\u00e9active<\/strong> pour l&#8217;ensemble de ses membres, des plus jeunes aux plus \u00e2g\u00e9s. Fini les soucis li\u00e9s aux impr\u00e9vus du quotidien ; Icare s&#8217;engage \u00e0 prendre en charge l&#8217;indispensable, vous permettant ainsi de vous concentrer pleinement sur les moments pr\u00e9cieux et le bien-\u00eatre de votre famille. C&#8217;est la garantie d&#8217;un soutien fiable et efficace, contribuant \u00e0 un environnement familial serein et harmonieux.<\/p>\n\n\n\n<div data-wp-interactive=\"core\/file\" class=\"wp-block-file\"><object data-wp-bind--hidden=\"!state.hasPdfPreview\" hidden class=\"wp-block-file__embed\" data=\"https:\/\/icare-congo.com\/wp-content\/uploads\/2025\/07\/PACK-FAMILLE-BRONZE-ICARE-2025.pdf\" type=\"application\/pdf\" style=\"width:100%;height:1600px\" aria-label=\"Embed of PACK FAMILLE-BRONZE - ICARE 2025.\"><\/object><a id=\"wp-block-file--media-7d6297fa-601c-4f76-9333-2b73a5d79469\" href=\"https:\/\/icare-congo.com\/wp-content\/uploads\/2025\/07\/PACK-FAMILLE-BRONZE-ICARE-2025.pdf\">PACK FAMILLE-BRONZE &#8211; ICARE 2025<\/a><a href=\"https:\/\/icare-congo.com\/wp-content\/uploads\/2025\/07\/PACK-FAMILLE-BRONZE-ICARE-2025.pdf\" class=\"wp-block-file__button wp-element-button\" download aria-describedby=\"wp-block-file--media-7d6297fa-601c-4f76-9333-2b73a5d79469\">T\u00e9l\u00e9charger<\/a><\/div>\n\n\n\n<p><strong>PACK ENTREPRISE DEMANDEZ UN DEVIS<\/strong><\/p>\n\n\n\n<div class=\"wp-block-buttons is-layout-flex wp-block-buttons-is-layout-flex\">\n<div class=\"wp-block-button\"><a class=\"wp-block-button__link wp-element-button\" href=\"https:\/\/icare-congo.com\/?page_id=41\">Souscrire<\/a><\/div>\n<\/div>\n\n\n\n<p><\/p>\n","protected":false},"excerpt":{"rendered":"<p>Pack Famille Bronze d&#8217;Icare : L&#8217;Essentiel pour une Famille de 5 Personnes Le Pack Famille Bronze d&#8217;Icare est une solution compl\u00e8te et bien pens\u00e9e, sp\u00e9cialement \u00e9labor\u00e9e pour r\u00e9pondre aux besoins d&#8217;une famille de cinq personnes. Il a \u00e9t\u00e9 con\u00e7u pour simplifier la gestion du quotidien de votre foyer et vous offrir, \u00e0 vous et \u00e0 [&hellip;]<\/p>\n","protected":false},"author":1,"featured_media":0,"parent":0,"menu_order":0,"comment_status":"closed","ping_status":"closed","template":"","meta":{"footnotes":""},"class_list":["post-214","page","type-page","status-publish","hentry"],"_links":{"self":[{"href":"https:\/\/icare-congo.com\/index.php?rest_route=\/wp\/v2\/pages\/214","targetHints":{"allow":["GET"]}}],"collection":[{"href":"https:\/\/icare-congo.com\/index.php?rest_route=\/wp\/v2\/pages"}],"about":[{"href":"https:\/\/icare-congo.com\/index.php?rest_route=\/wp\/v2\/types\/page"}],"author":[{"embeddable":true,"href":"https:\/\/icare-congo.com\/index.php?rest_route=\/wp\/v2\/users\/1"}],"replies":[{"embeddable":true,"href":"https:\/\/icare-congo.com\/index.php?rest_route=%2Fwp%2Fv2%2Fcomments&post=214"}],"version-history":[{"count":8,"href":"https:\/\/icare-congo.com\/index.php?rest_route=\/wp\/v2\/pages\/214\/revisions"}],"predecessor-version":[{"id":724,"href":"https:\/\/icare-congo.com\/index.php?rest_route=\/wp\/v2\/pages\/214\/revisions\/724"}],"wp:attachment":[{"href":"https:\/\/icare-congo.com\/index.php?rest_route=%2Fwp%2Fv2%2Fmedia&parent=214"}],"curies":[{"name":"wp","href":"https:\/\/api.w.org\/{rel}","templated":true}]}}