{"id":219,"date":"2025-04-29T11:31:48","date_gmt":"2025-04-29T09:31:48","guid":{"rendered":"https:\/\/icare-congo.com\/?page_id=219"},"modified":"2025-07-25T09:27:53","modified_gmt":"2025-07-25T07:27:53","slug":"pack-argent-famille","status":"publish","type":"page","link":"https:\/\/icare-congo.com\/?page_id=219","title":{"rendered":"Pack Argent Famille"},"content":{"rendered":"\n<hr class=\"wp-block-separator has-alpha-channel-opacity\"\/>\n\n\n\n<h2 class=\"wp-block-heading has-text-align-center\">Pack Famille Argent d&#8217;Icare : La S\u00e9r\u00e9nit\u00e9 Optimale pour 5 Personnes<\/h2>\n\n\n\n<p>Le <strong>Pack Famille Argent d&#8217;Icare<\/strong> est une solution compl\u00e8te et \u00e9volu\u00e9e, sp\u00e9cialement con\u00e7ue pour r\u00e9pondre aux besoins d&#8217;une famille de cinq personnes. Il a \u00e9t\u00e9 \u00e9labor\u00e9 pour <strong>simplifier significativement la gestion du quotidien<\/strong> de votre foyer et vous offrir, ainsi qu&#8217;\u00e0 vos proches, une <strong>tranquillit\u00e9 d&#8217;esprit accrue et durable<\/strong>.<\/p>\n\n\n\n<p>Nous comprenons qu&#8217;une famille nombreuse implique des exigences vari\u00e9es et un besoin de protection renforc\u00e9. C&#8217;est pourquoi ce pack propose une <strong>couverture \u00e9tendue et des services d&#8217;assistance premium<\/strong> pour l&#8217;ensemble de ses membres, des plus jeunes aux plus \u00e2g\u00e9s. Fini les pr\u00e9occupations li\u00e9es aux impr\u00e9vus ou aux situations complexes du quotidien ; Icare s&#8217;engage \u00e0 prendre en charge bien plus que l&#8217;indispensable, vous permettant ainsi de vous concentrer pleinement sur les moments pr\u00e9cieux et le bien-\u00eatre de votre famille. C&#8217;est la garantie d&#8217;un soutien fiable, efficace et proactif, contribuant \u00e0 un environnement familial serein et harmonieux.<\/p>\n\n\n\n<div data-wp-interactive=\"core\/file\" class=\"wp-block-file\"><object data-wp-bind--hidden=\"!state.hasPdfPreview\" hidden class=\"wp-block-file__embed\" data=\"https:\/\/icare-congo.com\/wp-content\/uploads\/2025\/07\/PACK-FAMILLE-ARGENT-ICARE-1.pdf\" type=\"application\/pdf\" style=\"width:100%;height:1490px\" aria-label=\"Embed of PACK FAMILLE-ARGENT - ICARE (1).\"><\/object><a id=\"wp-block-file--media-25961c8b-a143-4e23-821c-7e11ca8ec49c\" href=\"https:\/\/icare-congo.com\/wp-content\/uploads\/2025\/07\/PACK-FAMILLE-ARGENT-ICARE-1.pdf\">PACK FAMILLE-ARGENT &#8211; ICARE (1)<\/a><a href=\"https:\/\/icare-congo.com\/wp-content\/uploads\/2025\/07\/PACK-FAMILLE-ARGENT-ICARE-1.pdf\" class=\"wp-block-file__button wp-element-button\" download aria-describedby=\"wp-block-file--media-25961c8b-a143-4e23-821c-7e11ca8ec49c\">T\u00e9l\u00e9charger<\/a><\/div>\n\n\n\n<p><strong>PACK ENTREPRISE DEMANDEZ UN DEVIS <\/strong><\/p>\n\n\n\n<div class=\"wp-block-buttons is-layout-flex wp-block-buttons-is-layout-flex\">\n<div class=\"wp-block-button\"><a class=\"wp-block-button__link wp-element-button\" href=\"https:\/\/icare-congo.com\/?page_id=41\">Demandez un devis<\/a><\/div>\n<\/div>\n","protected":false},"excerpt":{"rendered":"<p>Pack Famille Argent d&#8217;Icare : La S\u00e9r\u00e9nit\u00e9 Optimale pour 5 Personnes Le Pack Famille Argent d&#8217;Icare est une solution compl\u00e8te et \u00e9volu\u00e9e, sp\u00e9cialement con\u00e7ue pour r\u00e9pondre aux besoins d&#8217;une famille de cinq personnes. Il a \u00e9t\u00e9 \u00e9labor\u00e9 pour simplifier significativement la gestion du quotidien de votre foyer et vous offrir, ainsi qu&#8217;\u00e0 vos proches, une [&hellip;]<\/p>\n","protected":false},"author":1,"featured_media":0,"parent":0,"menu_order":0,"comment_status":"closed","ping_status":"closed","template":"","meta":{"footnotes":""},"class_list":["post-219","page","type-page","status-publish","hentry"],"_links":{"self":[{"href":"https:\/\/icare-congo.com\/index.php?rest_route=\/wp\/v2\/pages\/219","targetHints":{"allow":["GET"]}}],"collection":[{"href":"https:\/\/icare-congo.com\/index.php?rest_route=\/wp\/v2\/pages"}],"about":[{"href":"https:\/\/icare-congo.com\/index.php?rest_route=\/wp\/v2\/types\/page"}],"author":[{"embeddable":true,"href":"https:\/\/icare-congo.com\/index.php?rest_route=\/wp\/v2\/users\/1"}],"replies":[{"embeddable":true,"href":"https:\/\/icare-congo.com\/index.php?rest_route=%2Fwp%2Fv2%2Fcomments&post=219"}],"version-history":[{"count":5,"href":"https:\/\/icare-congo.com\/index.php?rest_route=\/wp\/v2\/pages\/219\/revisions"}],"predecessor-version":[{"id":602,"href":"https:\/\/icare-congo.com\/index.php?rest_route=\/wp\/v2\/pages\/219\/revisions\/602"}],"wp:attachment":[{"href":"https:\/\/icare-congo.com\/index.php?rest_route=%2Fwp%2Fv2%2Fmedia&parent=219"}],"curies":[{"name":"wp","href":"https:\/\/api.w.org\/{rel}","templated":true}]}}