{"id":24,"date":"2025-04-03T23:07:45","date_gmt":"2025-04-03T21:07:45","guid":{"rendered":"https:\/\/icare-congo.com\/?page_id=24"},"modified":"2025-09-12T12:55:15","modified_gmt":"2025-09-12T10:55:15","slug":"accueil","status":"publish","type":"page","link":"https:\/\/icare-congo.com\/?page_id=24","title":{"rendered":"Accueil"},"content":{"rendered":"\n<p class=\"has-medium-font-size\"><strong>Qui Sommes-Nous ?<\/strong><\/p>\n\n\n\n<p>Nous sommes votre partenaire de confiance pour des soins de sant\u00e9 <strong>de qualit\u00e9, accessibles et adapt\u00e9s \u00e0 tous<\/strong> en R\u00e9publique D\u00e9mocratique du Congo.<\/p>\n\n\n\n<p>\u00c0 la diff\u00e9rence d\u2019une mutuelle classique, <strong>ICARE Congo<\/strong> est une <strong>soci\u00e9t\u00e9 de gestion de la sant\u00e9<\/strong>.<br>Cela signifie que nous :<\/p>\n\n\n\n<ul class=\"wp-block-list\">\n<li>\ud83c\udfe5 <strong>g\u00e9rons directement<\/strong> l\u2019acc\u00e8s aux h\u00f4pitaux, cliniques et pharmacies partenaires<\/li>\n\n\n\n<li>\ud83d\udcd1 <strong>offrons des conventions m\u00e9dicales sur mesure<\/strong> pour les entreprises, les familles et les particuliers<\/li>\n\n\n\n<li>\ud83d\udca1 garantissons une <strong>prise en charge simple, rapide et efficace<\/strong>, sans la lourdeur administrative des mutuelles traditionnelles<\/li>\n\n\n\n<li>\u23f0 assurons une disponibilit\u00e9 <strong>24h\/24 et 7j\/7<\/strong> gr\u00e2ce \u00e0 notre r\u00e9seau et nos \u00e9quipes qualifi\u00e9es<\/li>\n<\/ul>\n\n\n\n<p>Avec ICARE Congo, la sant\u00e9 devient <strong>un service structur\u00e9, transparent et accessible<\/strong>, pens\u00e9 pour vous et vos proches.<\/p>\n\n\n\n<hr class=\"wp-block-separator has-alpha-channel-opacity\"\/>\n\n\n\n<h3 class=\"wp-block-heading\">Notre Mission<\/h3>\n\n\n\n<p>Chez <strong>ICARE Congo<\/strong>, notre mission est de <strong>rendre les soins de sant\u00e9 accessibles, fiables et de qualit\u00e9<\/strong> pour tous en R\u00e9publique D\u00e9mocratique du Congo.<br>Nous nous engageons \u00e0 :<\/p>\n\n\n\n<ul class=\"wp-block-list\">\n<li>\ud83d\udd39 <strong>Simplifier l\u2019acc\u00e8s<\/strong> aux services m\u00e9dicaux gr\u00e2ce \u00e0 un r\u00e9seau national d\u2019h\u00f4pitaux, cliniques et pharmacies partenaires.<\/li>\n\n\n\n<li>\ud83d\udd39 <strong>Prot\u00e9ger les familles et les entreprises<\/strong> en proposant des conventions m\u00e9dicales adapt\u00e9es et transparentes.<\/li>\n\n\n\n<li>\ud83d\udd39 <strong>Innover dans la gestion de la sant\u00e9<\/strong>, en offrant des solutions modernes qui allient efficacit\u00e9, proximit\u00e9 et humanit\u00e9.<\/li>\n<\/ul>\n\n\n\n<p>Ensemble, nous b\u00e2tissons un avenir o\u00f9 <strong>la sant\u00e9 est un droit, et non un privil\u00e8ge<\/strong>.<\/p>\n","protected":false},"excerpt":{"rendered":"<p>Qui Sommes-Nous ? Nous sommes votre partenaire de confiance pour des soins de sant\u00e9 de qualit\u00e9, accessibles et adapt\u00e9s \u00e0 tous en R\u00e9publique D\u00e9mocratique du Congo. \u00c0 la diff\u00e9rence d\u2019une mutuelle classique, ICARE Congo est une soci\u00e9t\u00e9 de gestion de la sant\u00e9.Cela signifie que nous : Avec ICARE Congo, la sant\u00e9 devient un service structur\u00e9, [&hellip;]<\/p>\n","protected":false},"author":1,"featured_media":0,"parent":0,"menu_order":0,"comment_status":"closed","ping_status":"closed","template":"","meta":{"footnotes":""},"class_list":["post-24","page","type-page","status-publish","hentry"],"_links":{"self":[{"href":"https:\/\/icare-congo.com\/index.php?rest_route=\/wp\/v2\/pages\/24","targetHints":{"allow":["GET"]}}],"collection":[{"href":"https:\/\/icare-congo.com\/index.php?rest_route=\/wp\/v2\/pages"}],"about":[{"href":"https:\/\/icare-congo.com\/index.php?rest_route=\/wp\/v2\/types\/page"}],"author":[{"embeddable":true,"href":"https:\/\/icare-congo.com\/index.php?rest_route=\/wp\/v2\/users\/1"}],"replies":[{"embeddable":true,"href":"https:\/\/icare-congo.com\/index.php?rest_route=%2Fwp%2Fv2%2Fcomments&post=24"}],"version-history":[{"count":7,"href":"https:\/\/icare-congo.com\/index.php?rest_route=\/wp\/v2\/pages\/24\/revisions"}],"predecessor-version":[{"id":819,"href":"https:\/\/icare-congo.com\/index.php?rest_route=\/wp\/v2\/pages\/24\/revisions\/819"}],"wp:attachment":[{"href":"https:\/\/icare-congo.com\/index.php?rest_route=%2Fwp%2Fv2%2Fmedia&parent=24"}],"curies":[{"name":"wp","href":"https:\/\/api.w.org\/{rel}","templated":true}]}}