{"id":26,"date":"2025-04-03T23:07:45","date_gmt":"2025-04-03T21:07:45","guid":{"rendered":"https:\/\/icare-congo.com\/?page_id=26"},"modified":"2025-09-12T12:29:22","modified_gmt":"2025-09-12T10:29:22","slug":"services","status":"publish","type":"page","link":"https:\/\/icare-congo.com\/?page_id=26","title":{"rendered":"Services"},"content":{"rendered":"\n<p><strong>Nous proposons :<\/strong><\/p>\n\n\n\n<ul class=\"wp-block-list\">\n<li><strong>Un vaste r\u00e9seau de professionnels de la sant\u00e9 pr\u00e8s de chez vous :<\/strong> Nous mettons \u00e0 votre disposition un large \u00e9ventail de m\u00e9decins sp\u00e9cialistes et g\u00e9n\u00e9ralistes, ainsi que d&#8217;infirmiers qualifi\u00e9s, r\u00e9partis dans nos nombreux \u00e9tablissements partenaires \u00e0 travers la RDC.<\/li>\n\n\n\n<li><strong>Des abonnements m\u00e9dicaux abordables pour toute la famille :<\/strong> B\u00e9n\u00e9ficiez de nos formules d&#8217;abonnement con\u00e7ues pour r\u00e9pondre aux besoins de toute votre famille \u00e0 des prix accessibles (\u00e0 partir de 50 $ pour 5 personnes). Ces abonnements facilitent l&#8217;acc\u00e8s aux soins et vous permettent de ma\u00eetriser votre budget sant\u00e9.<\/li>\n\n\n\n<li><strong>Des soins infirmiers \u00e0 domicile :<\/strong> Pour votre confort et votre bien-\u00eatre, nos \u00e9quipes d&#8217;infirmiers peuvent se rendre \u00e0 votre domicile pour prodiguer des soins adapt\u00e9s \u00e0 vos besoins.<\/li>\n\n\n\n<li><strong>La prise en charge dans nos diff\u00e9rents h\u00f4pitaux et cliniques :<\/strong> Notre r\u00e9seau d&#8217;h\u00f4pitaux et de cliniques partenaires est \u00e9quip\u00e9 pour vous offrir une prise en charge compl\u00e8te, qu&#8217;il s&#8217;agisse de consultations, d&#8217;examens, de traitements ou d&#8217;hospitalisation.<\/li>\n\n\n\n<li><strong>Un acc\u00e8s facilit\u00e9 \u00e0 un r\u00e9seau de pharmacies partenaires :<\/strong> Gr\u00e2ce \u00e0 nos pharmacies affili\u00e9es, vous b\u00e9n\u00e9ficiez d&#8217;un acc\u00e8s ais\u00e9 \u00e0 vos m\u00e9dicaments sur l&#8217;ensemble du territoire.<\/li>\n\n\n\n<li><strong>Prise en charge ambulatoire 24h\/24 et 7j\/7 :<\/strong> Nos \u00e9quipes m\u00e9dicales sont disponibles \u00e0 tout moment pour r\u00e9pondre \u00e0 vos besoins de soins urgents ou non urgents.<\/li>\n\n\n\n<li><strong>Suivi de rendez-vous en ligne :<\/strong> Apr\u00e8s avoir pris rendez-vous par t\u00e9l\u00e9phone, vous recevrez un email vous permettant de suivre l&#8217;\u00e9tat de vos rendez-vous en ligne.<\/li>\n\n\n\n<li><strong>Nous offrons des conventions m\u00e9dicales<\/strong> sp\u00e9cialement adapt\u00e9es aux entreprises, avec des solutions sur mesure qui r\u00e9pondent aux besoins de vos employ\u00e9s et de leurs familles.<\/li>\n\n\n\n<li><strong>Prestataires sp\u00e9cialis\u00e9s en couverture m\u00e9dicale<\/strong> et assurance sant\u00e9 \u00e0 Lubumbashi, offrant aux entreprises et particuliers des solutions adapt\u00e9es.<\/li>\n<\/ul>\n\n\n\n<p><strong>Pour toute urgence ou pour prendre rendez-vous, contactez-nous au : 0820 773 037.<\/strong><\/p>\n\n\n\n<div class=\"wp-block-buttons is-layout-flex wp-block-buttons-is-layout-flex\">\n<div class=\"wp-block-button\"><a class=\"wp-block-button__link wp-element-button\" href=\"https:\/\/icare-congo.com\/?page_id=41\">A savoir +<\/a><\/div>\n<\/div>\n\n\n\n<p><\/p>\n","protected":false},"excerpt":{"rendered":"<p>Nous proposons : Pour toute urgence ou pour prendre rendez-vous, contactez-nous au : 0820 773 037.<\/p>\n","protected":false},"author":1,"featured_media":0,"parent":0,"menu_order":0,"comment_status":"closed","ping_status":"closed","template":"","meta":{"footnotes":""},"class_list":["post-26","page","type-page","status-publish","hentry"],"_links":{"self":[{"href":"https:\/\/icare-congo.com\/index.php?rest_route=\/wp\/v2\/pages\/26","targetHints":{"allow":["GET"]}}],"collection":[{"href":"https:\/\/icare-congo.com\/index.php?rest_route=\/wp\/v2\/pages"}],"about":[{"href":"https:\/\/icare-congo.com\/index.php?rest_route=\/wp\/v2\/types\/page"}],"author":[{"embeddable":true,"href":"https:\/\/icare-congo.com\/index.php?rest_route=\/wp\/v2\/users\/1"}],"replies":[{"embeddable":true,"href":"https:\/\/icare-congo.com\/index.php?rest_route=%2Fwp%2Fv2%2Fcomments&post=26"}],"version-history":[{"count":5,"href":"https:\/\/icare-congo.com\/index.php?rest_route=\/wp\/v2\/pages\/26\/revisions"}],"predecessor-version":[{"id":816,"href":"https:\/\/icare-congo.com\/index.php?rest_route=\/wp\/v2\/pages\/26\/revisions\/816"}],"wp:attachment":[{"href":"https:\/\/icare-congo.com\/index.php?rest_route=%2Fwp%2Fv2%2Fmedia&parent=26"}],"curies":[{"name":"wp","href":"https:\/\/api.w.org\/{rel}","templated":true}]}}