{"id":27,"date":"2025-04-03T23:07:45","date_gmt":"2025-04-03T21:07:45","guid":{"rendered":"https:\/\/icare-congo.com\/?page_id=27"},"modified":"2025-11-19T07:51:42","modified_gmt":"2025-11-19T06:51:42","slug":"nos-cliniques","status":"publish","type":"page","link":"https:\/\/icare-congo.com\/?page_id=27","title":{"rendered":"N\u00f4tre r\u00e9seaux"},"content":{"rendered":"\n<p>Notre r\u00e9seau ICARE de cliniques, h\u00f4pitaux et pharmacies est en expansion continue. Chaque jour, de nouveaux prestataires de sant\u00e9 de qualit\u00e9 nous rejoignent, garantissant un acc\u00e8s toujours plus large et optimis\u00e9 aux soins pour tous nos membres.<\/p>\n\n\n\n<p>\u00c0 ce jour, notre r\u00e9seau ICARE s&#8217;\u00e9tend sur l&#8217;int\u00e9gralit\u00e9 du territoire et compte d\u00e9j\u00e0 :<\/p>\n\n\n\n<ul class=\"wp-block-list\">\n<li>550  cliniques &amp; h\u00f4pitaux sur tout la RDC<\/li>\n\n\n\n<li>29 cliniques &amp; h\u00f4pitaux \u00e0 Kinshasa<\/li>\n\n\n\n<li>3 cliniques en province du Lualaba<\/li>\n\n\n\n<li>12 cliniques et 2 centres Ophtalmologiques en province du haut Katanga<\/li>\n\n\n\n<li>1 clinique a Goma, Bukavu, Uvira et Kisangani<\/li>\n\n\n\n<li>20 pharmacies repartis entre les provinces cit\u00e9 ci-haut <\/li>\n\n\n\n<li>300 Zones de Sant\u00e9<\/li>\n\n\n\n<li>200 Centres de sant\u00e9<br>Un maillage dense et robuste pour garantir un acc\u00e8s aux soins de proximit\u00e9 pour tous nos membres.<\/li>\n<\/ul>\n\n\n\n<figure class=\"wp-block-gallery has-nested-images columns-default is-cropped wp-block-gallery-1 is-layout-flex wp-block-gallery-is-layout-flex\">\n<figure class=\"wp-block-image size-large\"><img loading=\"lazy\" decoding=\"async\" width=\"1024\" height=\"1024\" data-id=\"811\" src=\"https:\/\/icare-congo.com\/wp-content\/uploads\/2025\/09\/WhatsApp-Image-2025-08-06-a-10.40.15_31d59018-1-1024x1024.jpg\" alt=\"\" class=\"wp-image-811\" srcset=\"https:\/\/icare-congo.com\/wp-content\/uploads\/2025\/09\/WhatsApp-Image-2025-08-06-a-10.40.15_31d59018-1-1024x1024.jpg 1024w, https:\/\/icare-congo.com\/wp-content\/uploads\/2025\/09\/WhatsApp-Image-2025-08-06-a-10.40.15_31d59018-1-300x300.jpg 300w, https:\/\/icare-congo.com\/wp-content\/uploads\/2025\/09\/WhatsApp-Image-2025-08-06-a-10.40.15_31d59018-1-150x150.jpg 150w, https:\/\/icare-congo.com\/wp-content\/uploads\/2025\/09\/WhatsApp-Image-2025-08-06-a-10.40.15_31d59018-1-768x768.jpg 768w, https:\/\/icare-congo.com\/wp-content\/uploads\/2025\/09\/WhatsApp-Image-2025-08-06-a-10.40.15_31d59018-1.jpg 1080w\" sizes=\"auto, (max-width: 1024px) 100vw, 1024px\" \/><\/figure>\n\n\n\n<figure class=\"wp-block-image size-large\"><img loading=\"lazy\" decoding=\"async\" width=\"1024\" height=\"1024\" data-id=\"812\" src=\"https:\/\/icare-congo.com\/wp-content\/uploads\/2025\/09\/WhatsApp-Image-2025-08-06-a-10.40.14_17533f3e-1024x1024.jpg\" alt=\"\" class=\"wp-image-812\" srcset=\"https:\/\/icare-congo.com\/wp-content\/uploads\/2025\/09\/WhatsApp-Image-2025-08-06-a-10.40.14_17533f3e-1024x1024.jpg 1024w, https:\/\/icare-congo.com\/wp-content\/uploads\/2025\/09\/WhatsApp-Image-2025-08-06-a-10.40.14_17533f3e-300x300.jpg 300w, https:\/\/icare-congo.com\/wp-content\/uploads\/2025\/09\/WhatsApp-Image-2025-08-06-a-10.40.14_17533f3e-150x150.jpg 150w, https:\/\/icare-congo.com\/wp-content\/uploads\/2025\/09\/WhatsApp-Image-2025-08-06-a-10.40.14_17533f3e-768x768.jpg 768w, https:\/\/icare-congo.com\/wp-content\/uploads\/2025\/09\/WhatsApp-Image-2025-08-06-a-10.40.14_17533f3e.jpg 1080w\" sizes=\"auto, (max-width: 1024px) 100vw, 1024px\" \/><\/figure>\n\n\n\n<figure class=\"wp-block-image size-large\"><img loading=\"lazy\" decoding=\"async\" width=\"1024\" height=\"1024\" data-id=\"813\" src=\"https:\/\/icare-congo.com\/wp-content\/uploads\/2025\/09\/WhatsApp-Image-2025-08-06-a-10.40.14_a485527e-1024x1024.jpg\" alt=\"\" class=\"wp-image-813\" srcset=\"https:\/\/icare-congo.com\/wp-content\/uploads\/2025\/09\/WhatsApp-Image-2025-08-06-a-10.40.14_a485527e-1024x1024.jpg 1024w, https:\/\/icare-congo.com\/wp-content\/uploads\/2025\/09\/WhatsApp-Image-2025-08-06-a-10.40.14_a485527e-300x300.jpg 300w, https:\/\/icare-congo.com\/wp-content\/uploads\/2025\/09\/WhatsApp-Image-2025-08-06-a-10.40.14_a485527e-150x150.jpg 150w, https:\/\/icare-congo.com\/wp-content\/uploads\/2025\/09\/WhatsApp-Image-2025-08-06-a-10.40.14_a485527e-768x768.jpg 768w, https:\/\/icare-congo.com\/wp-content\/uploads\/2025\/09\/WhatsApp-Image-2025-08-06-a-10.40.14_a485527e.jpg 1080w\" sizes=\"auto, (max-width: 1024px) 100vw, 1024px\" \/><\/figure>\n<\/figure>\n\n\n\n<p><\/p>\n","protected":false},"excerpt":{"rendered":"<p>Notre r\u00e9seau ICARE de cliniques, h\u00f4pitaux et pharmacies est en expansion continue. Chaque jour, de nouveaux prestataires de sant\u00e9 de qualit\u00e9 nous rejoignent, garantissant un acc\u00e8s toujours plus large et optimis\u00e9 aux soins pour tous nos membres. \u00c0 ce jour, notre r\u00e9seau ICARE s&#8217;\u00e9tend sur l&#8217;int\u00e9gralit\u00e9 du territoire et compte d\u00e9j\u00e0 :<\/p>\n","protected":false},"author":1,"featured_media":0,"parent":0,"menu_order":0,"comment_status":"closed","ping_status":"closed","template":"","meta":{"footnotes":""},"class_list":["post-27","page","type-page","status-publish","hentry"],"_links":{"self":[{"href":"https:\/\/icare-congo.com\/index.php?rest_route=\/wp\/v2\/pages\/27","targetHints":{"allow":["GET"]}}],"collection":[{"href":"https:\/\/icare-congo.com\/index.php?rest_route=\/wp\/v2\/pages"}],"about":[{"href":"https:\/\/icare-congo.com\/index.php?rest_route=\/wp\/v2\/types\/page"}],"author":[{"embeddable":true,"href":"https:\/\/icare-congo.com\/index.php?rest_route=\/wp\/v2\/users\/1"}],"replies":[{"embeddable":true,"href":"https:\/\/icare-congo.com\/index.php?rest_route=%2Fwp%2Fv2%2Fcomments&post=27"}],"version-history":[{"count":6,"href":"https:\/\/icare-congo.com\/index.php?rest_route=\/wp\/v2\/pages\/27\/revisions"}],"predecessor-version":[{"id":944,"href":"https:\/\/icare-congo.com\/index.php?rest_route=\/wp\/v2\/pages\/27\/revisions\/944"}],"wp:attachment":[{"href":"https:\/\/icare-congo.com\/index.php?rest_route=%2Fwp%2Fv2%2Fmedia&parent=27"}],"curies":[{"name":"wp","href":"https:\/\/api.w.org\/{rel}","templated":true}]}}