{"id":28,"date":"2025-04-03T23:07:45","date_gmt":"2025-04-03T21:07:45","guid":{"rendered":"https:\/\/icare-congo.com\/?page_id=28"},"modified":"2025-06-02T07:56:59","modified_gmt":"2025-06-02T05:56:59","slug":"nos-pharmacies","status":"publish","type":"page","link":"https:\/\/icare-congo.com\/?page_id=28","title":{"rendered":"Nos Pharmacies"},"content":{"rendered":"\n<div class=\"wp-block-media-text is-stacked-on-mobile\" style=\"grid-template-columns:43% auto\"><figure class=\"wp-block-media-text__media\"><img loading=\"lazy\" decoding=\"async\" width=\"187\" height=\"250\" src=\"http:\/\/icare-congo.com\/wp-content\/uploads\/2025\/05\/face-pharmacie-petit.png\" alt=\"\" class=\"wp-image-329 size-full\"\/><\/figure><div class=\"wp-block-media-text__content\">\n<p><strong>Pharmacie ICARE<\/strong><\/p>\n\n\n\n<p>Situ\u00e9 sur l&#8217;avenue Kabambare, dans la commune de Barumbu, vous \u00eates accueillis du<strong> lundi au vendredi de 8h \u00e0 22h.<\/strong><\/p>\n\n\n\n<p>Et les Samdis et dimanche de 8h \u00e0 18h<\/p>\n\n\n\n<p>T\u00e9l: 0820 773 037<\/p>\n\n\n\n<p><\/p>\n<\/div><\/div>\n\n\n\n<hr class=\"wp-block-separator has-alpha-channel-opacity\"\/>\n\n\n\n<ul class=\"wp-block-list\">\n<li><strong>Pharmacie du 30 Juin<\/strong><br>Pharmacie<br>M7MH+58M, Av. des Batetela \u00b7 0999 933 690<br>Ouvert 24h\/24<\/li>\n<\/ul>\n\n\n\n<hr class=\"wp-block-separator has-alpha-channel-opacity\"\/>\n\n\n\n<ul class=\"wp-block-list\">\n<li><strong>PHARMACIE DU 24<\/strong><br>Pharmacie<br>Immeuble Empire, 8148 Av. Lib\u00e9ration \u00b7 0844 666 278<br>Ouvert 24h\/24<br>Livraison<\/li>\n<\/ul>\n\n\n\n<hr class=\"wp-block-separator has-alpha-channel-opacity\"\/>\n\n\n\n<ul class=\"wp-block-list\">\n<li><strong>Pharmacie NOTRE DAME<\/strong><br>Pharmacie<br>1321 avenue de la lib\u00e9ration (ex, Av. Du 24 Novembre \u00b7 0900 764 672<br>Ouvre \u00e0 08:00<br>Livraison<\/li>\n<\/ul>\n","protected":false},"excerpt":{"rendered":"<p>Pharmacie ICARE Situ\u00e9 sur l&#8217;avenue Kabambare, dans la commune de Barumbu, vous \u00eates accueillis du lundi au vendredi de 8h \u00e0 22h. Et les Samdis et dimanche de 8h \u00e0 18h T\u00e9l: 0820 773 037<\/p>\n","protected":false},"author":1,"featured_media":0,"parent":0,"menu_order":0,"comment_status":"closed","ping_status":"closed","template":"","meta":{"footnotes":""},"class_list":["post-28","page","type-page","status-publish","hentry"],"_links":{"self":[{"href":"https:\/\/icare-congo.com\/index.php?rest_route=\/wp\/v2\/pages\/28","targetHints":{"allow":["GET"]}}],"collection":[{"href":"https:\/\/icare-congo.com\/index.php?rest_route=\/wp\/v2\/pages"}],"about":[{"href":"https:\/\/icare-congo.com\/index.php?rest_route=\/wp\/v2\/types\/page"}],"author":[{"embeddable":true,"href":"https:\/\/icare-congo.com\/index.php?rest_route=\/wp\/v2\/users\/1"}],"replies":[{"embeddable":true,"href":"https:\/\/icare-congo.com\/index.php?rest_route=%2Fwp%2Fv2%2Fcomments&post=28"}],"version-history":[{"count":2,"href":"https:\/\/icare-congo.com\/index.php?rest_route=\/wp\/v2\/pages\/28\/revisions"}],"predecessor-version":[{"id":468,"href":"https:\/\/icare-congo.com\/index.php?rest_route=\/wp\/v2\/pages\/28\/revisions\/468"}],"wp:attachment":[{"href":"https:\/\/icare-congo.com\/index.php?rest_route=%2Fwp%2Fv2%2Fmedia&parent=28"}],"curies":[{"name":"wp","href":"https:\/\/api.w.org\/{rel}","templated":true}]}}