{"id":292,"date":"2025-05-07T17:49:48","date_gmt":"2025-05-07T15:49:48","guid":{"rendered":"https:\/\/icare-congo.com\/?page_id=292"},"modified":"2025-11-11T14:34:40","modified_gmt":"2025-11-11T13:34:40","slug":"evacuation-sanitaire","status":"publish","type":"page","link":"https:\/\/icare-congo.com\/?page_id=292","title":{"rendered":"Evacuation sanitaire"},"content":{"rendered":"\n<p>L&#8217;\u00e9vacuation sanitaire d&#8217;ICARE est r\u00e9alis\u00e9e par avion m\u00e9dicalis\u00e9, avec une \u00e9quipe professionnelle et qualifi\u00e9e, vers de nombreuses destinations en Afrique et en Europe.<\/p>\n\n\n\n<p>b\u00e9n\u00e9fices d&#8217;une \u00e9vacuation sanitaire (EVASAN) :<\/p>\n\n\n\n<ul class=\"wp-block-list\">\n<li><strong>Acc\u00e8s \u00e0 des soins sp\u00e9cialis\u00e9s et de meilleure qualit\u00e9 :<\/strong> L&#8217;EVASAN permet de transporter un patient vers un centre m\u00e9dical disposant de l&#8217;expertise et des \u00e9quipements n\u00e9cessaires \u00e0 son \u00e9tat, qui pourraient ne pas \u00eatre disponibles localement.<\/li>\n\n\n\n<li><strong>Prise en charge rapide et adapt\u00e9e :<\/strong> En cas d&#8217;urgence m\u00e9dicale ou de situation critique, l&#8217;EVASAN assure un transfert rapide vers une structure de soins appropri\u00e9e, ce qui peut \u00eatre vital pour le pronostic du patient.<\/li>\n\n\n\n<li><strong>Confort et s\u00e9curit\u00e9 du patient durant le transport :<\/strong> Les avions ou h\u00e9licopt\u00e8res m\u00e9dicalis\u00e9s sont \u00e9quip\u00e9s pour stabiliser et surveiller le patient pendant le trajet, avec \u00e0 bord une \u00e9quipe m\u00e9dicale qualifi\u00e9e pour intervenir en cas de besoin.<\/li>\n\n\n\n<li><strong>Traitement dans un environnement familier ou souhait\u00e9 :<\/strong> Pour une personne expatri\u00e9e ou voyageant, l&#8217;EVASAN peut permettre un retour vers son pays d&#8217;origine pour y recevoir des soins, entour\u00e9e de sa famille et dans un syst\u00e8me de sant\u00e9 qu&#8217;elle conna\u00eet.<\/li>\n\n\n\n<li><strong>R\u00e9duction du stress pour le patient et sa famille :<\/strong> L&#8217;organisation et la prise en charge du transport m\u00e9dicalis\u00e9 par des professionnels soulagent le patient et ses proches des aspects logistiques et m\u00e9dicaux complexes.<\/li>\n\n\n\n<li><strong>Meilleures chances de r\u00e9tablissement :<\/strong> En acc\u00e9dant \u00e0 des soins optimaux plus rapidement, l&#8217;EVASAN peut significativement am\u00e9liorer les chances de gu\u00e9rison et r\u00e9duire les risques de complications \u00e0 long terme.<\/li>\n\n\n\n<li><strong>Continuit\u00e9 des soins :<\/strong> L&#8217;EVASAN peut \u00eatre organis\u00e9e pour assurer une transition fluide entre un lieu de soins initial et un centre de r\u00e9\u00e9ducation ou de suivi sp\u00e9cialis\u00e9, m\u00eame s&#8217;ils sont g\u00e9ographiquement \u00e9loign\u00e9s.<\/li>\n\n\n\n<li><strong>Acc\u00e8s \u00e0 des plateaux techniques avanc\u00e9s :<\/strong> Certains centres m\u00e9dicaux disposent de technologies de diagnostic et de traitement de pointe qui ne sont pas disponibles partout. L&#8217;EVASAN permet d&#8217;y acc\u00e9der lorsque cela est n\u00e9cessaire<\/li>\n<\/ul>\n\n\n\n<div class=\"wp-block-buttons is-layout-flex wp-block-buttons-is-layout-flex\">\n<div class=\"wp-block-button\"><a class=\"wp-block-button__link wp-element-button\" href=\"https:\/\/icare-congo.com\/?page_id=41\">Demandez un devis<\/a><\/div>\n<\/div>\n","protected":false},"excerpt":{"rendered":"<p>L&#8217;\u00e9vacuation sanitaire d&#8217;ICARE est r\u00e9alis\u00e9e par avion m\u00e9dicalis\u00e9, avec une \u00e9quipe professionnelle et qualifi\u00e9e, vers de nombreuses destinations en Afrique et en Europe. b\u00e9n\u00e9fices d&#8217;une \u00e9vacuation sanitaire (EVASAN) :<\/p>\n","protected":false},"author":1,"featured_media":935,"parent":0,"menu_order":0,"comment_status":"closed","ping_status":"closed","template":"","meta":{"footnotes":""},"class_list":["post-292","page","type-page","status-publish","has-post-thumbnail","hentry"],"_links":{"self":[{"href":"https:\/\/icare-congo.com\/index.php?rest_route=\/wp\/v2\/pages\/292","targetHints":{"allow":["GET"]}}],"collection":[{"href":"https:\/\/icare-congo.com\/index.php?rest_route=\/wp\/v2\/pages"}],"about":[{"href":"https:\/\/icare-congo.com\/index.php?rest_route=\/wp\/v2\/types\/page"}],"author":[{"embeddable":true,"href":"https:\/\/icare-congo.com\/index.php?rest_route=\/wp\/v2\/users\/1"}],"replies":[{"embeddable":true,"href":"https:\/\/icare-congo.com\/index.php?rest_route=%2Fwp%2Fv2%2Fcomments&post=292"}],"version-history":[{"count":2,"href":"https:\/\/icare-congo.com\/index.php?rest_route=\/wp\/v2\/pages\/292\/revisions"}],"predecessor-version":[{"id":355,"href":"https:\/\/icare-congo.com\/index.php?rest_route=\/wp\/v2\/pages\/292\/revisions\/355"}],"wp:featuredmedia":[{"embeddable":true,"href":"https:\/\/icare-congo.com\/index.php?rest_route=\/wp\/v2\/media\/935"}],"wp:attachment":[{"href":"https:\/\/icare-congo.com\/index.php?rest_route=%2Fwp%2Fv2%2Fmedia&parent=292"}],"curies":[{"name":"wp","href":"https:\/\/api.w.org\/{rel}","templated":true}]}}