{"id":578,"date":"2025-07-25T09:04:53","date_gmt":"2025-07-25T07:04:53","guid":{"rendered":"https:\/\/icare-congo.com\/?page_id=578"},"modified":"2025-07-25T09:17:37","modified_gmt":"2025-07-25T07:17:37","slug":"pack-solo-bronze","status":"publish","type":"page","link":"https:\/\/icare-congo.com\/?page_id=578","title":{"rendered":"Pack Solo Bronze"},"content":{"rendered":"\n<h2 class=\"wp-block-heading\">Pack Solo Bronze d&#8217;Icare : La S\u00e9r\u00e9nit\u00e9 au Quotidien pour les Personnes Seules<\/h2>\n\n\n\n<p>Le <strong>Pack Solo Bronze d&#8217;Icare<\/strong> est bien plus qu&#8217;une simple offre ; c&#8217;est une solution <strong>sp\u00e9cialement con\u00e7ue pour simplifier le quotidien des personnes vivant seules<\/strong> et leur apporter une <strong>tranquillit\u00e9 d&#8217;esprit inestimable<\/strong>. Nous savons que la vie en solo peut pr\u00e9senter ses propres d\u00e9fis, c&#8217;est pourquoi ce pack a \u00e9t\u00e9 pens\u00e9 dans les moindres d\u00e9tails pour r\u00e9pondre \u00e0 vos besoins sp\u00e9cifiques.<\/p>\n\n\n\n<p>Avec le Pack Solo Bronze, vous b\u00e9n\u00e9ficiez d&#8217;une <strong>prise en charge optimis\u00e9e et d&#8217;une assistance r\u00e9active<\/strong>, vous permettant de faire face aux impr\u00e9vus en toute s\u00e9r\u00e9nit\u00e9. Fini le stress des d\u00e9marches compliqu\u00e9es ou des situations d\u00e9licates ; Icare s&#8217;occupe de l&#8217;essentiel pour que vous puissiez vous concentrer sur ce qui compte vraiment. C&#8217;est l&#8217;assurance d&#8217;un accompagnement fiable et discret, toujours \u00e0 vos c\u00f4t\u00e9s.<\/p>\n\n\n\n<div data-wp-interactive=\"core\/file\" class=\"wp-block-file\"><object data-wp-bind--hidden=\"!state.hasPdfPreview\" hidden class=\"wp-block-file__embed\" data=\"https:\/\/icare-congo.com\/wp-content\/uploads\/2025\/07\/PACK-SOLO-BRONZE-ICARE-2025.pdf\" type=\"application\/pdf\" style=\"width:100%;height:1500px\" aria-label=\"Embed of PACK SOLO-BRONZE - ICARE 2025.\"><\/object><a id=\"wp-block-file--media-05919a88-5e8e-4fe9-a060-f5e809ccc5ae\" href=\"https:\/\/icare-congo.com\/wp-content\/uploads\/2025\/07\/PACK-SOLO-BRONZE-ICARE-2025.pdf\">PACK SOLO-BRONZE &#8211; ICARE 2025<\/a><a href=\"https:\/\/icare-congo.com\/wp-content\/uploads\/2025\/07\/PACK-SOLO-BRONZE-ICARE-2025.pdf\" class=\"wp-block-file__button wp-element-button\" download aria-describedby=\"wp-block-file--media-05919a88-5e8e-4fe9-a060-f5e809ccc5ae\">T\u00e9l\u00e9charger<\/a><\/div>\n\n\n\n<div class=\"wp-block-buttons is-layout-flex wp-block-buttons-is-layout-flex\">\n<div class=\"wp-block-button\"><a class=\"wp-block-button__link wp-element-button\" href=\"https:\/\/icare-congo.com\/?page_id=41\">Souscrire<\/a><\/div>\n<\/div>\n","protected":false},"excerpt":{"rendered":"<p>Pack Solo Bronze d&#8217;Icare : La S\u00e9r\u00e9nit\u00e9 au Quotidien pour les Personnes Seules Le Pack Solo Bronze d&#8217;Icare est bien plus qu&#8217;une simple offre ; c&#8217;est une solution sp\u00e9cialement con\u00e7ue pour simplifier le quotidien des personnes vivant seules et leur apporter une tranquillit\u00e9 d&#8217;esprit inestimable. Nous savons que la vie en solo peut pr\u00e9senter ses [&hellip;]<\/p>\n","protected":false},"author":1,"featured_media":0,"parent":0,"menu_order":0,"comment_status":"closed","ping_status":"closed","template":"","meta":{"footnotes":""},"class_list":["post-578","page","type-page","status-publish","hentry"],"_links":{"self":[{"href":"https:\/\/icare-congo.com\/index.php?rest_route=\/wp\/v2\/pages\/578","targetHints":{"allow":["GET"]}}],"collection":[{"href":"https:\/\/icare-congo.com\/index.php?rest_route=\/wp\/v2\/pages"}],"about":[{"href":"https:\/\/icare-congo.com\/index.php?rest_route=\/wp\/v2\/types\/page"}],"author":[{"embeddable":true,"href":"https:\/\/icare-congo.com\/index.php?rest_route=\/wp\/v2\/users\/1"}],"replies":[{"embeddable":true,"href":"https:\/\/icare-congo.com\/index.php?rest_route=%2Fwp%2Fv2%2Fcomments&post=578"}],"version-history":[{"count":3,"href":"https:\/\/icare-congo.com\/index.php?rest_route=\/wp\/v2\/pages\/578\/revisions"}],"predecessor-version":[{"id":594,"href":"https:\/\/icare-congo.com\/index.php?rest_route=\/wp\/v2\/pages\/578\/revisions\/594"}],"wp:attachment":[{"href":"https:\/\/icare-congo.com\/index.php?rest_route=%2Fwp%2Fv2%2Fmedia&parent=578"}],"curies":[{"name":"wp","href":"https:\/\/api.w.org\/{rel}","templated":true}]}}