{"id":579,"date":"2025-07-25T09:04:53","date_gmt":"2025-07-25T07:04:53","guid":{"rendered":"https:\/\/icare-congo.com\/?page_id=579"},"modified":"2025-07-25T09:18:38","modified_gmt":"2025-07-25T07:18:38","slug":"pack-duo-bronze","status":"publish","type":"page","link":"https:\/\/icare-congo.com\/?page_id=579","title":{"rendered":"Pack Duo Bronze"},"content":{"rendered":"\n<hr class=\"wp-block-separator has-alpha-channel-opacity\"\/>\n\n\n\n<h2 class=\"wp-block-heading has-text-align-center\">Pack Duo Bronze d&#8217;Icare : La S\u00e9r\u00e9nit\u00e9 Partag\u00e9e pour les Duos<\/h2>\n\n\n\n<p>Le <strong>Pack Duo Bronze d&#8217;Icare<\/strong> est l&#8217;option id\u00e9ale, con\u00e7ue sp\u00e9cifiquement pour les foyers compos\u00e9s de deux personnes. Que vous soyez un couple, des colocataires, ou deux membres d&#8217;une m\u00eame famille vivant ensemble, ce pack a \u00e9t\u00e9 pens\u00e9 pour <strong>simplifier votre quotidien partag\u00e9<\/strong> et vous offrir une <strong>tranquillit\u00e9 d&#8217;esprit collective<\/strong>.<\/p>\n\n\n\n<p>Nous comprenons l&#8217;importance de la coordination et de la s\u00e9curit\u00e9 lorsqu&#8217;on vit \u00e0 deux. C&#8217;est pourquoi le Pack Duo Bronze vous assure une <strong>prise en charge optimis\u00e9e et une assistance r\u00e9active<\/strong> pour les deux occupants. Fini le stress des impr\u00e9vus ou des d\u00e9marches complexes ; Icare s&#8217;occupe des essentiels pour que vous puissiez vous concentrer sur votre vie commune en toute s\u00e9r\u00e9nit\u00e9. C&#8217;est la garantie d&#8217;un accompagnement fiable et discret, toujours \u00e0 vos c\u00f4t\u00e9s pour un quotidien harmonieux.<\/p>\n\n\n\n<div data-wp-interactive=\"core\/file\" class=\"wp-block-file\"><object data-wp-bind--hidden=\"!state.hasPdfPreview\" hidden class=\"wp-block-file__embed\" data=\"https:\/\/icare-congo.com\/wp-content\/uploads\/2025\/07\/PACK-DUO-BRONZE-ICARE-2025.pdf\" type=\"application\/pdf\" style=\"width:100%;height:1370px\" aria-label=\"Embed of PACK DUO-BRONZE - ICARE 2025.\"><\/object><a id=\"wp-block-file--media-a25f2caa-a246-40dd-9365-e15c37f06569\" href=\"https:\/\/icare-congo.com\/wp-content\/uploads\/2025\/07\/PACK-DUO-BRONZE-ICARE-2025.pdf\">PACK DUO-BRONZE &#8211; ICARE 2025<\/a><a href=\"https:\/\/icare-congo.com\/wp-content\/uploads\/2025\/07\/PACK-DUO-BRONZE-ICARE-2025.pdf\" class=\"wp-block-file__button wp-element-button\" download aria-describedby=\"wp-block-file--media-a25f2caa-a246-40dd-9365-e15c37f06569\">T\u00e9l\u00e9charger<\/a><\/div>\n\n\n\n<div class=\"wp-block-buttons is-layout-flex wp-block-buttons-is-layout-flex\">\n<div class=\"wp-block-button\"><a class=\"wp-block-button__link wp-element-button\" href=\"https:\/\/icare-congo.com\/?page_id=41\">Souscrire<\/a><\/div>\n<\/div>\n\n\n\n<p><\/p>\n","protected":false},"excerpt":{"rendered":"<p>Pack Duo Bronze d&#8217;Icare : La S\u00e9r\u00e9nit\u00e9 Partag\u00e9e pour les Duos Le Pack Duo Bronze d&#8217;Icare est l&#8217;option id\u00e9ale, con\u00e7ue sp\u00e9cifiquement pour les foyers compos\u00e9s de deux personnes. Que vous soyez un couple, des colocataires, ou deux membres d&#8217;une m\u00eame famille vivant ensemble, ce pack a \u00e9t\u00e9 pens\u00e9 pour simplifier votre quotidien partag\u00e9 et vous [&hellip;]<\/p>\n","protected":false},"author":1,"featured_media":0,"parent":0,"menu_order":0,"comment_status":"closed","ping_status":"closed","template":"","meta":{"footnotes":""},"class_list":["post-579","page","type-page","status-publish","hentry"],"_links":{"self":[{"href":"https:\/\/icare-congo.com\/index.php?rest_route=\/wp\/v2\/pages\/579","targetHints":{"allow":["GET"]}}],"collection":[{"href":"https:\/\/icare-congo.com\/index.php?rest_route=\/wp\/v2\/pages"}],"about":[{"href":"https:\/\/icare-congo.com\/index.php?rest_route=\/wp\/v2\/types\/page"}],"author":[{"embeddable":true,"href":"https:\/\/icare-congo.com\/index.php?rest_route=\/wp\/v2\/users\/1"}],"replies":[{"embeddable":true,"href":"https:\/\/icare-congo.com\/index.php?rest_route=%2Fwp%2Fv2%2Fcomments&post=579"}],"version-history":[{"count":3,"href":"https:\/\/icare-congo.com\/index.php?rest_route=\/wp\/v2\/pages\/579\/revisions"}],"predecessor-version":[{"id":595,"href":"https:\/\/icare-congo.com\/index.php?rest_route=\/wp\/v2\/pages\/579\/revisions\/595"}],"wp:attachment":[{"href":"https:\/\/icare-congo.com\/index.php?rest_route=%2Fwp%2Fv2%2Fmedia&parent=579"}],"curies":[{"name":"wp","href":"https:\/\/api.w.org\/{rel}","templated":true}]}}