{"id":834,"date":"2025-09-13T08:34:53","date_gmt":"2025-09-13T06:34:53","guid":{"rendered":"https:\/\/icare-congo.com\/?page_id=834"},"modified":"2025-09-13T09:07:07","modified_gmt":"2025-09-13T07:07:07","slug":"investir-chez-icare","status":"publish","type":"page","link":"https:\/\/icare-congo.com\/?page_id=834","title":{"rendered":"Investir chez Icare"},"content":{"rendered":"\n<h2 class=\"wp-block-heading\">\ud83d\udcbc Investir chez ICARE<\/h2>\n\n\n\n<p>Chez <strong>ICARE Congo<\/strong>, nous vous offrons l\u2019opportunit\u00e9 de soutenir le d\u00e9veloppement d\u2019un r\u00e9seau de sant\u00e9 accessible et de qualit\u00e9 en R\u00e9publique D\u00e9mocratique du Congo, tout en b\u00e9n\u00e9ficiant d\u2019un <strong>retour sur investissement attractif et garanti<\/strong>.<\/p>\n\n\n\n<p>Nos formules d\u2019investissement \u00e0 court terme vous permettent de :<br>\u2714 Placer votre capital en toute s\u00e9curit\u00e9<br>\u2714 B\u00e9n\u00e9ficier de rendements comp\u00e9titifs<br>\u2714 Contribuer directement \u00e0 l\u2019am\u00e9lioration du syst\u00e8me de sant\u00e9<\/p>\n\n\n\n<div data-wp-interactive=\"core\/file\" class=\"wp-block-file\"><object data-wp-bind--hidden=\"!state.hasPdfPreview\" hidden class=\"wp-block-file__embed\" data=\"https:\/\/icare-congo.com\/wp-content\/uploads\/2025\/09\/Dossier_Investissement_ICARE.pdf\" type=\"application\/pdf\" style=\"width:100%;height:690px\" aria-label=\"Embed of Dossier_Investissement_ICARE.\"><\/object><a id=\"wp-block-file--media-277bfc69-363b-4035-999c-ecde27a0ff4d\" href=\"https:\/\/icare-congo.com\/wp-content\/uploads\/2025\/09\/Dossier_Investissement_ICARE.pdf\">Dossier_Investissement_ICARE<\/a><a href=\"https:\/\/icare-congo.com\/wp-content\/uploads\/2025\/09\/Dossier_Investissement_ICARE.pdf\" class=\"wp-block-file__button wp-element-button\" download aria-describedby=\"wp-block-file--media-277bfc69-363b-4035-999c-ecde27a0ff4d\">T\u00e9l\u00e9charger<\/a><\/div>\n\n\n\n<div data-wp-interactive=\"core\/file\" class=\"wp-block-file\"><object data-wp-bind--hidden=\"!state.hasPdfPreview\" hidden class=\"wp-block-file__embed\" data=\"https:\/\/icare-congo.com\/wp-content\/uploads\/2025\/09\/Formulaire-dInteret-\u2013-Investissement-chez-ICARE.pdf\" type=\"application\/pdf\" style=\"width:100%;height:600px\" aria-label=\"Embed of Formulaire d\u2019Int\u00e9r\u00eat \u2013 Investissement chez ICARE.\"><\/object><a id=\"wp-block-file--media-bbdabb92-f14e-47a3-9ac0-3f9aefb024b2\" href=\"https:\/\/icare-congo.com\/wp-content\/uploads\/2025\/09\/Formulaire-dInteret-\u2013-Investissement-chez-ICARE.pdf\">Formulaire d\u2019Int\u00e9r\u00eat \u2013 Investissement chez ICARE<\/a><a href=\"https:\/\/icare-congo.com\/wp-content\/uploads\/2025\/09\/Formulaire-dInteret-\u2013-Investissement-chez-ICARE.pdf\" class=\"wp-block-file__button wp-element-button\" download aria-describedby=\"wp-block-file--media-bbdabb92-f14e-47a3-9ac0-3f9aefb024b2\">T\u00e9l\u00e9charger<\/a><\/div>\n\n\n\n<div class=\"wp-block-buttons is-layout-flex wp-block-buttons-is-layout-flex\">\n<div class=\"wp-block-button\"><a class=\"wp-block-button__link wp-element-button\" href=\"https:\/\/icare-congo.com\/?page_id=41\">A savoir +<\/a><\/div>\n<\/div>\n\n\n\n<p><\/p>\n","protected":false},"excerpt":{"rendered":"<p>\ud83d\udcbc Investir chez ICARE Chez ICARE Congo, nous vous offrons l\u2019opportunit\u00e9 de soutenir le d\u00e9veloppement d\u2019un r\u00e9seau de sant\u00e9 accessible et de qualit\u00e9 en R\u00e9publique D\u00e9mocratique du Congo, tout en b\u00e9n\u00e9ficiant d\u2019un retour sur investissement attractif et garanti. Nos formules d\u2019investissement \u00e0 court terme vous permettent de :\u2714 Placer votre capital en toute s\u00e9curit\u00e9\u2714 B\u00e9n\u00e9ficier [&hellip;]<\/p>\n","protected":false},"author":1,"featured_media":0,"parent":0,"menu_order":0,"comment_status":"closed","ping_status":"closed","template":"","meta":{"footnotes":""},"class_list":["post-834","page","type-page","status-publish","hentry"],"_links":{"self":[{"href":"https:\/\/icare-congo.com\/index.php?rest_route=\/wp\/v2\/pages\/834","targetHints":{"allow":["GET"]}}],"collection":[{"href":"https:\/\/icare-congo.com\/index.php?rest_route=\/wp\/v2\/pages"}],"about":[{"href":"https:\/\/icare-congo.com\/index.php?rest_route=\/wp\/v2\/types\/page"}],"author":[{"embeddable":true,"href":"https:\/\/icare-congo.com\/index.php?rest_route=\/wp\/v2\/users\/1"}],"replies":[{"embeddable":true,"href":"https:\/\/icare-congo.com\/index.php?rest_route=%2Fwp%2Fv2%2Fcomments&post=834"}],"version-history":[{"count":4,"href":"https:\/\/icare-congo.com\/index.php?rest_route=\/wp\/v2\/pages\/834\/revisions"}],"predecessor-version":[{"id":848,"href":"https:\/\/icare-congo.com\/index.php?rest_route=\/wp\/v2\/pages\/834\/revisions\/848"}],"wp:attachment":[{"href":"https:\/\/icare-congo.com\/index.php?rest_route=%2Fwp%2Fv2%2Fmedia&parent=834"}],"curies":[{"name":"wp","href":"https:\/\/api.w.org\/{rel}","templated":true}]}}