{"id":836,"date":"2025-09-13T08:34:53","date_gmt":"2025-09-13T06:34:53","guid":{"rendered":"https:\/\/icare-congo.com\/?page_id=836"},"modified":"2025-09-13T15:30:22","modified_gmt":"2025-09-13T13:30:22","slug":"devenir-un-franchie","status":"publish","type":"page","link":"https:\/\/icare-congo.com\/?page_id=836","title":{"rendered":"Devenir un Franchi\u00e9"},"content":{"rendered":"\n<p>\ud83c\udf0d <strong>Devenez Franchis\u00e9 Pays avec ICARE<\/strong><\/p>\n\n\n\n<div class=\"wp-block-media-text is-stacked-on-mobile\" style=\"grid-template-columns:34% auto\"><figure class=\"wp-block-media-text__media\"><img loading=\"lazy\" decoding=\"async\" width=\"1024\" height=\"1024\" src=\"https:\/\/icare-congo.com\/wp-content\/uploads\/2025\/09\/Gemini_Generated_Image_pjx2lupjx2lupjx2-1.png\" alt=\"\" class=\"wp-image-865 size-full\" srcset=\"https:\/\/icare-congo.com\/wp-content\/uploads\/2025\/09\/Gemini_Generated_Image_pjx2lupjx2lupjx2-1.png 1024w, https:\/\/icare-congo.com\/wp-content\/uploads\/2025\/09\/Gemini_Generated_Image_pjx2lupjx2lupjx2-1-300x300.png 300w, https:\/\/icare-congo.com\/wp-content\/uploads\/2025\/09\/Gemini_Generated_Image_pjx2lupjx2lupjx2-1-150x150.png 150w, https:\/\/icare-congo.com\/wp-content\/uploads\/2025\/09\/Gemini_Generated_Image_pjx2lupjx2lupjx2-1-768x768.png 768w\" sizes=\"auto, (max-width: 1024px) 100vw, 1024px\" \/><\/figure><div class=\"wp-block-media-text__content\">\n<p>Rejoignez le r\u00e9seau <strong>ICARE Global Health<\/strong> et devenez acteur du changement dans votre pays.<br>En tant que <strong>franchis\u00e9 national<\/strong>, vous b\u00e9n\u00e9ficiez d\u2019une <strong>marque reconnue et cr\u00e9dible<\/strong>, d\u00e9di\u00e9e \u00e0 offrir \u00e0 la population un <strong>acc\u00e8s facilit\u00e9 \u00e0 des soins de sant\u00e9 de qualit\u00e9<\/strong>.<\/p>\n\n\n\n<p>Avec ICARE, vous ne d\u00e9veloppez pas seulement un projet rentable :<\/p>\n<\/div><\/div>\n\n\n\n<p><br>\u2714\ufe0f Vous participez \u00e0 une mission sociale \u00e0 fort impact.<br>\u2714\ufe0f Vous b\u00e2tissez un r\u00e9seau durable au service des communaut\u00e9s.<br>\u2714\ufe0f Vous portez une marque internationale en pleine expansion.<\/p>\n\n\n\n<p>\u2728 <strong>Investissez dans la sant\u00e9, investissez dans l\u2019avenir.<\/strong><\/p>\n\n\n\n<div data-wp-interactive=\"core\/file\" class=\"wp-block-file\"><object data-wp-bind--hidden=\"!state.hasPdfPreview\" hidden class=\"wp-block-file__embed\" data=\"https:\/\/icare-congo.com\/wp-content\/uploads\/2025\/09\/Dossier_Franchise_Pays_ICARE_Global_Health.pdf\" type=\"application\/pdf\" style=\"width:100%;height:600px\" aria-label=\"Embed of Dossier_Franchise_Pays_ICARE_Global_Health.\"><\/object><a id=\"wp-block-file--media-a3952c84-ebe5-4933-952a-392e2d5efbbf\" href=\"https:\/\/icare-congo.com\/wp-content\/uploads\/2025\/09\/Dossier_Franchise_Pays_ICARE_Global_Health.pdf\">Dossier_Franchise_Pays_ICARE_Global_Health<\/a><a href=\"https:\/\/icare-congo.com\/wp-content\/uploads\/2025\/09\/Dossier_Franchise_Pays_ICARE_Global_Health.pdf\" class=\"wp-block-file__button wp-element-button\" download aria-describedby=\"wp-block-file--media-a3952c84-ebe5-4933-952a-392e2d5efbbf\">T\u00e9l\u00e9charger<\/a><\/div>\n\n\n\n<div data-wp-interactive=\"core\/file\" class=\"wp-block-file\"><object data-wp-bind--hidden=\"!state.hasPdfPreview\" hidden class=\"wp-block-file__embed\" data=\"https:\/\/icare-congo.com\/wp-content\/uploads\/2025\/09\/Formulaire-de-Candidature-\u2013-Devenez-Franchise-Pays-avec-ICARE-1.pdf\" type=\"application\/pdf\" style=\"width:100%;height:600px\" aria-label=\"Embed of Formulaire de Candidature \u2013 Devenez Franchis\u00e9 Pays avec ICARE.\"><\/object><a id=\"wp-block-file--media-5403210e-e687-41bb-9629-95a458ff3500\" href=\"https:\/\/icare-congo.com\/wp-content\/uploads\/2025\/09\/Formulaire-de-Candidature-\u2013-Devenez-Franchise-Pays-avec-ICARE-1.pdf\">Formulaire de Candidature \u2013 Devenez Franchis\u00e9 Pays avec ICARE<\/a><a href=\"https:\/\/icare-congo.com\/wp-content\/uploads\/2025\/09\/Formulaire-de-Candidature-\u2013-Devenez-Franchise-Pays-avec-ICARE-1.pdf\" class=\"wp-block-file__button wp-element-button\" download aria-describedby=\"wp-block-file--media-5403210e-e687-41bb-9629-95a458ff3500\">T\u00e9l\u00e9charger<\/a><\/div>\n","protected":false},"excerpt":{"rendered":"<p>\ud83c\udf0d Devenez Franchis\u00e9 Pays avec ICARE Rejoignez le r\u00e9seau ICARE Global Health et devenez acteur du changement dans votre pays.En tant que franchis\u00e9 national, vous b\u00e9n\u00e9ficiez d\u2019une marque reconnue et cr\u00e9dible, d\u00e9di\u00e9e \u00e0 offrir \u00e0 la population un acc\u00e8s facilit\u00e9 \u00e0 des soins de sant\u00e9 de qualit\u00e9. Avec ICARE, vous ne d\u00e9veloppez pas seulement un [&hellip;]<\/p>\n","protected":false},"author":1,"featured_media":0,"parent":0,"menu_order":0,"comment_status":"closed","ping_status":"closed","template":"","meta":{"footnotes":""},"class_list":["post-836","page","type-page","status-publish","hentry"],"_links":{"self":[{"href":"https:\/\/icare-congo.com\/index.php?rest_route=\/wp\/v2\/pages\/836","targetHints":{"allow":["GET"]}}],"collection":[{"href":"https:\/\/icare-congo.com\/index.php?rest_route=\/wp\/v2\/pages"}],"about":[{"href":"https:\/\/icare-congo.com\/index.php?rest_route=\/wp\/v2\/types\/page"}],"author":[{"embeddable":true,"href":"https:\/\/icare-congo.com\/index.php?rest_route=\/wp\/v2\/users\/1"}],"replies":[{"embeddable":true,"href":"https:\/\/icare-congo.com\/index.php?rest_route=%2Fwp%2Fv2%2Fcomments&post=836"}],"version-history":[{"count":6,"href":"https:\/\/icare-congo.com\/index.php?rest_route=\/wp\/v2\/pages\/836\/revisions"}],"predecessor-version":[{"id":867,"href":"https:\/\/icare-congo.com\/index.php?rest_route=\/wp\/v2\/pages\/836\/revisions\/867"}],"wp:attachment":[{"href":"https:\/\/icare-congo.com\/index.php?rest_route=%2Fwp%2Fv2%2Fmedia&parent=836"}],"curies":[{"name":"wp","href":"https:\/\/api.w.org\/{rel}","templated":true}]}}